{"id":2668,"date":"2020-12-26T09:11:17","date_gmt":"2020-12-26T09:11:17","guid":{"rendered":"http:\/\/www.svu.edu.eg\/faculties\/agr\/?page_id=2668"},"modified":"2020-12-26T09:11:17","modified_gmt":"2020-12-26T09:11:17","slug":"programmes-scolaires","status":"publish","type":"page","link":"http:\/\/www.svu.edu.eg\/faculties\/agr\/fr\/programmes-scolaires\/","title":{"rendered":"Programmes scolaires"},"content":{"rendered":"","protected":false},"excerpt":{"rendered":"","protected":false},"author":2,"featured_media":0,"parent":0,"menu_order":0,"comment_status":"closed","ping_status":"closed","template":"","meta":[],"jetpack_sharing_enabled":true,"jetpack-related-posts":[{"id":2665,"url":"http:\/\/www.svu.edu.eg\/faculties\/agr\/fr\/programmes-educatifs\/","url_meta":{"origin":2668,"position":0},"title":"Programmes \u00e9ducatifs","author":"omar","date":"\u062f\u064a\u0633\u0645\u0628\u0631 26, 2020","format":false,"excerpt":"Les programmes \u00e9ducatifs de la facult\u00e9 d\u2019agriculture \u00e0 l'Universit\u00e9 du Sud de la vall\u00e9e pour le baccalaur\u00e9at et la licence sont les suivants: A- Baccalaur\u00e9at Un seul programme est : programme g\u00e9n\u00e9ral de production agricole. B- l'apprentissage ouvert (Baccalaur\u00e9at en sciences agricoles en administration de projets et technologie agricole (partenariat\u2026","rel":"","context":"\u062a\u062f\u0648\u064a\u0646\u0629 \u0645\u0634\u0627\u0628\u0647\u0629","block_context":{"text":"\u062a\u062f\u0648\u064a\u0646\u0629 \u0645\u0634\u0627\u0628\u0647\u0629","link":""},"img":{"alt_text":"","src":"","width":0,"height":0},"classes":[]},{"id":4468,"url":"http:\/\/www.svu.edu.eg\/faculties\/agr\/fr\/secteur-du-service-communautaire-et-le-developpement-environnemental\/lunite-de-formation\/","url_meta":{"origin":2668,"position":1},"title":"l&#8217;Unit\u00e9 de formation","author":"omar","date":"\u0641\u0628\u0631\u0627\u064a\u0631 1, 2022","format":false,"excerpt":"Vision de l\u2019unit\u00e9\u00a0: Excellence\u00a0 dans la prestation et l\u2019\u00e9valuation des programmes de formation pour les diverses cibles de la facult\u00e9 afin d\u2019assurer la r\u00e9alisation de la vision de la facult\u00e9. Mission de l\u2019unit\u00e9 : Dans le cadre de la mission de la facult\u00e9, l\u2019Unit\u00e9 s\u2019engage \u00e0 d\u00e9velopper les ressources humaines\u2026","rel":"","context":"\u062a\u062f\u0648\u064a\u0646\u0629 \u0645\u0634\u0627\u0628\u0647\u0629","block_context":{"text":"\u062a\u062f\u0648\u064a\u0646\u0629 \u0645\u0634\u0627\u0628\u0647\u0629","link":""},"img":{"alt_text":"","src":"","width":0,"height":0},"classes":[]},{"id":4559,"url":"http:\/\/www.svu.edu.eg\/faculties\/agr\/fr\/projet-de-developpement-du-systeme-devaluation-des-etudiants-et-des-examens\/la-vision\/","url_meta":{"origin":2668,"position":2},"title":"La vision","author":"omar","date":"\u0641\u0628\u0631\u0627\u064a\u0631 4, 2022","format":false,"excerpt":"Am\u00e9liorer et d\u00e9velopper le syst\u00e8me de mesure et d\u2019\u00e9valuation des \u00e9tudiants et les examens pour permettre \u00e0 la facult\u00e9 de l\u2019agriculture et ses programmes d\u2019\u00eatre accr\u00e9dit\u00e9s par des organismes locaux, r\u00e9gionaux et mondiaux.","rel":"","context":"\u062a\u062f\u0648\u064a\u0646\u0629 \u0645\u0634\u0627\u0628\u0647\u0629","block_context":{"text":"\u062a\u062f\u0648\u064a\u0646\u0629 \u0645\u0634\u0627\u0628\u0647\u0629","link":""},"img":{"alt_text":"","src":"","width":0,"height":0},"classes":[]},{"id":4480,"url":"http:\/\/www.svu.edu.eg\/faculties\/agr\/fr\/lunite-des-services-electronique\/","url_meta":{"origin":2668,"position":3},"title":"Unit\u00e9 des services \u00e9lectroniques","author":"omar","date":"\u0641\u0628\u0631\u0627\u064a\u0631 1, 2022","format":false,"excerpt":"Vision de l\u2019unit\u00e9\u00a0: L\u2019unit\u00e9 devrait \u00eatre un centre de technologie de l\u2019information \u00e0 la facult\u00e9. Mission de l\u2019unit\u00e9 : Prestation de services de technologie de l\u2019information au service du processus \u00e9ducatif, des membres du corps professoral et des employ\u00e9s gr\u00e2ce \u00e0 un soutien technique aux programmes, \u00e0 la maintenance des\u2026","rel":"","context":"\u062a\u062f\u0648\u064a\u0646\u0629 \u0645\u0634\u0627\u0628\u0647\u0629","block_context":{"text":"\u062a\u062f\u0648\u064a\u0646\u0629 \u0645\u0634\u0627\u0628\u0647\u0629","link":""},"img":{"alt_text":"","src":"","width":0,"height":0},"classes":[]},{"id":2643,"url":"http:\/\/www.svu.edu.eg\/faculties\/agr\/fr\/secteur-des-etudes-superieures-et-de-la-recherche\/","url_meta":{"origin":2668,"position":4},"title":"\u00c9tudes sup\u00e9rieures et Recherches","author":"omar","date":"\u064a\u0646\u0627\u064a\u0631 30, 2022","format":false,"excerpt":"Vice- doyen des \u00e9tudes sup\u00e9rieures et de la recherche supervise le secteurLe secteur se compose de cinq d\u00e9partements:1- \u00c9tudes sup\u00e9rieures2-Recherches3- Relations publiques4-Revue5-Bibloth\u00e8queObjectifs du secteurPr\u00e9parer des cadres scientifiques capables de mener des recherches scientifiques dans diff\u00e9rents domaines agricoles.Pr\u00e9parer des cadres de recherche pour les dipl\u00f4mes, les ma\u00eetrises et les doctorats.Am\u00e9liorer les\u2026","rel":"","context":"\u062a\u062f\u0648\u064a\u0646\u0629 \u0645\u0634\u0627\u0628\u0647\u0629","block_context":{"text":"\u062a\u062f\u0648\u064a\u0646\u0629 \u0645\u0634\u0627\u0628\u0647\u0629","link":""},"img":{"alt_text":"","src":"","width":0,"height":0},"classes":[]},{"id":2674,"url":"http:\/\/www.svu.edu.eg\/faculties\/agr\/fr\/bureau-des-etrangers\/","url_meta":{"origin":2668,"position":5},"title":"Bureau des \u00e9trangers","author":"omar","date":"\u062f\u064a\u0633\u0645\u0628\u0631 26, 2020","format":false,"excerpt":"La vision La facult\u00e9 vise \u00e0 approfondir les relations entre la facult\u00e9 d\u2019Agriculture et les facult\u00e9s dans le monde en g\u00e9n\u00e9ral, l\u2019Afrique et l\u2019Asie en particulier.\u00a0 La mission Offre un \u00a0soutien pour les \u00e9tudiants \u00e9trangers pour pr\u00e9parer les cadres agricoles distingu\u00e9s et diriger la recherche scientifique pour faire face \u00e0\u2026","rel":"","context":"\u062a\u062f\u0648\u064a\u0646\u0629 \u0645\u0634\u0627\u0628\u0647\u0629","block_context":{"text":"\u062a\u062f\u0648\u064a\u0646\u0629 \u0645\u0634\u0627\u0628\u0647\u0629","link":""},"img":{"alt_text":"","src":"","width":0,"height":0},"classes":[]}],"_links":{"self":[{"href":"http:\/\/www.svu.edu.eg\/faculties\/agr\/wp-json\/wp\/v2\/pages\/2668"}],"collection":[{"href":"http:\/\/www.svu.edu.eg\/faculties\/agr\/wp-json\/wp\/v2\/pages"}],"about":[{"href":"http:\/\/www.svu.edu.eg\/faculties\/agr\/wp-json\/wp\/v2\/types\/page"}],"author":[{"embeddable":true,"href":"http:\/\/www.svu.edu.eg\/faculties\/agr\/wp-json\/wp\/v2\/users\/2"}],"replies":[{"embeddable":true,"href":"http:\/\/www.svu.edu.eg\/faculties\/agr\/wp-json\/wp\/v2\/comments?post=2668"}],"version-history":[{"count":1,"href":"http:\/\/www.svu.edu.eg\/faculties\/agr\/wp-json\/wp\/v2\/pages\/2668\/revisions"}],"predecessor-version":[{"id":2669,"href":"http:\/\/www.svu.edu.eg\/faculties\/agr\/wp-json\/wp\/v2\/pages\/2668\/revisions\/2669"}],"wp:attachment":[{"href":"http:\/\/www.svu.edu.eg\/faculties\/agr\/wp-json\/wp\/v2\/media?parent=2668"}],"curies":[{"name":"wp","href":"https:\/\/api.w.org\/{rel}","templated":true}]}}