{"id":2665,"date":"2020-12-26T09:04:25","date_gmt":"2020-12-26T09:04:25","guid":{"rendered":"http:\/\/www.svu.edu.eg\/faculties\/agr\/?page_id=2665"},"modified":"2021-01-17T10:27:22","modified_gmt":"2021-01-17T10:27:22","slug":"programmes-educatifs","status":"publish","type":"page","link":"http:\/\/www.svu.edu.eg\/faculties\/agr\/fr\/programmes-educatifs\/","title":{"rendered":"Programmes \u00e9ducatifs"},"content":{"rendered":"\n<p>Les programmes \u00e9ducatifs de la facult\u00e9 d\u2019agriculture \u00e0 l&#8217;Universit\u00e9 du Sud\nde la vall\u00e9e pour le baccalaur\u00e9at et la licence sont les suivants:<\/p>\n\n\n\n<p>A- Baccalaur\u00e9at<\/p>\n\n\n\n<p>Un seul programme est :<\/p>\n\n\n\n<p>programme g\u00e9n\u00e9ral de production agricole.<\/p>\n\n\n\n<p>B- l&#8217;apprentissage ouvert<\/p>\n\n\n\n<p>(Baccalaur\u00e9at en sciences agricoles en administration de projets et\ntechnologie agricole (partenariat avec la facult\u00e9 d\u2019agriculture \u2013 Universit\u00e9 d&#8217;\nAin Shams)<\/p>\n\n\n\n<p>Dipl\u00f4m\u00e9 (syst\u00e8me d\u2019heures certifi\u00e9)<br>\nC- Master de recherche et doctorat en sciences agricoles dans 8 D\u00e9partements\nscientifiques&nbsp;:<br>\n1-Terre et eau<br>\n2- \u00e9conomie et orientation\nagricole<br>\n3- Production animale et la\nvolaille<br>\n4- Horticulture<br>\n5- Industries alimentaires et\nlaiti\u00e8res<br>\n6- R\u00e9coltes <\/p>\n\n\n\n<p>7\u2014 Agriculture v\u00e9g\u00e9tale<br>\n8-Protections phytosanitaires<\/p>\n","protected":false},"excerpt":{"rendered":"<p>Les programmes \u00e9ducatifs de la facult\u00e9 d\u2019agriculture \u00e0 l&#8217;Universit\u00e9 du Sud de la vall\u00e9e pour le baccalaur\u00e9at et la licence sont les suivants: A- Baccalaur\u00e9at Un seul programme est : [&hellip;]<\/p>\n","protected":false},"author":2,"featured_media":0,"parent":0,"menu_order":0,"comment_status":"closed","ping_status":"closed","template":"","meta":[],"jetpack_sharing_enabled":true,"jetpack-related-posts":[{"id":4412,"url":"http:\/\/www.svu.edu.eg\/faculties\/agr\/fr\/systeme-detudes-superieures\/","url_meta":{"origin":2665,"position":0},"title":"Syst\u00e8me d\u2019\u00e9tudes sup\u00e9rieures","author":"omar","date":"\u064a\u0646\u0627\u064a\u0631 31, 2022","format":false,"excerpt":"\u00c0 la demande du Conseil de la facult\u00e9 d' agriculture, l\u2019Universit\u00e9 du Sud de la Vall\u00e9e d\u00e9cerne un dipl\u00f4me de sciences agricoles en (production agricole g\u00e9n\u00e9rale). \u00a0\u00c9tude en classe - deux semestres par ann\u00e9e scolaire sur une p\u00e9riode de quatre ans. \u2022 Un dipl\u00f4me d'\u00e9tudes sup\u00e9rieures en sciences agricoles (programme\u2026","rel":"","context":"\u062a\u062f\u0648\u064a\u0646\u0629 \u0645\u0634\u0627\u0628\u0647\u0629","block_context":{"text":"\u062a\u062f\u0648\u064a\u0646\u0629 \u0645\u0634\u0627\u0628\u0647\u0629","link":""},"img":{"alt_text":"","src":"","width":0,"height":0},"classes":[]},{"id":2720,"url":"http:\/\/www.svu.edu.eg\/faculties\/agr\/fr\/nouvelle-maitrise-en-protection-durable-des-recoltes\/","url_meta":{"origin":2665,"position":1},"title":"Nouvelle ma\u00eetrise en protection durable des r\u00e9coltes","author":"omar","date":"\u0641\u0628\u0631\u0627\u064a\u0631 4, 2022","format":false,"excerpt":"Le programme est l'introduction de d\u00e9veloppement des \u00e9tudes sup\u00e9rieures dans l'enseignement agricole durable \u00e0 l'Universit\u00e9 du Sud de la vall\u00e9e et de facult\u00e9\u00a0 d\u2019Agriculture d'Universit\u00e9\u00a0 d\u2019Al-Zaqazeq, Mansoura, Ain Shams, Canal de Suez, Kafr Sheikh et Assiout en association avec les universit\u00e9s europ\u00e9ennes.","rel":"","context":"\u062a\u062f\u0648\u064a\u0646\u0629 \u0645\u0634\u0627\u0628\u0647\u0629","block_context":{"text":"\u062a\u062f\u0648\u064a\u0646\u0629 \u0645\u0634\u0627\u0628\u0647\u0629","link":""},"img":{"alt_text":"","src":"","width":0,"height":0},"classes":[]},{"id":4579,"url":"http:\/\/www.svu.edu.eg\/faculties\/agr\/fr\/nouvelle-maitrise-en-protection-durable-des-recoltes\/objectifs-du-programme\/","url_meta":{"origin":2665,"position":2},"title":"Objectifs du programme","author":"omar","date":"\u0641\u0628\u0631\u0627\u064a\u0631 4, 2022","format":false,"excerpt":"D\u00e9velopper de l\u2019enseignement sup\u00e9rieur en proposant un nouveau master en protection durable des cultures en phase avec les nouveaux d\u00e9veloppements mondiaux, la demande sur le march\u00e9 du travail, et conform\u00e9ment \u00e0 la Convention de Bologne et aux normes internationales par les moyens suivants: 1- Proposer un nouveau programme de master\u2026","rel":"","context":"\u062a\u062f\u0648\u064a\u0646\u0629 \u0645\u0634\u0627\u0628\u0647\u0629","block_context":{"text":"\u062a\u062f\u0648\u064a\u0646\u0629 \u0645\u0634\u0627\u0628\u0647\u0629","link":""},"img":{"alt_text":"","src":"","width":0,"height":0},"classes":[]},{"id":4462,"url":"http:\/\/www.svu.edu.eg\/faculties\/agr\/fr\/secteur-du-service-communautaire-et-le-developpement-environnemental\/convois\/","url_meta":{"origin":2665,"position":3},"title":"Convois","author":"omar","date":"\u0641\u0628\u0631\u0627\u064a\u0631 1, 2022","format":false,"excerpt":"Le secteur du service communautaire et du d\u00e9veloppement environnemental de la facult\u00e9 d\u2019Agriculture de l\u2019Universit\u00e9 du Sud de la Vall\u00e9e, avec la participation de membres du corps professoral de la facult\u00e9, met en \u0153uvre des convois\u00a0 agricoles au niveau du centre d\u2019extension dans les villages et les centres des provinces\u2026","rel":"","context":"\u062a\u062f\u0648\u064a\u0646\u0629 \u0645\u0634\u0627\u0628\u0647\u0629","block_context":{"text":"\u062a\u062f\u0648\u064a\u0646\u0629 \u0645\u0634\u0627\u0628\u0647\u0629","link":""},"img":{"alt_text":"","src":"","width":0,"height":0},"classes":[]},{"id":4468,"url":"http:\/\/www.svu.edu.eg\/faculties\/agr\/fr\/secteur-du-service-communautaire-et-le-developpement-environnemental\/lunite-de-formation\/","url_meta":{"origin":2665,"position":4},"title":"l&#8217;Unit\u00e9 de formation","author":"omar","date":"\u0641\u0628\u0631\u0627\u064a\u0631 1, 2022","format":false,"excerpt":"Vision de l\u2019unit\u00e9\u00a0: Excellence\u00a0 dans la prestation et l\u2019\u00e9valuation des programmes de formation pour les diverses cibles de la facult\u00e9 afin d\u2019assurer la r\u00e9alisation de la vision de la facult\u00e9. Mission de l\u2019unit\u00e9 : Dans le cadre de la mission de la facult\u00e9, l\u2019Unit\u00e9 s\u2019engage \u00e0 d\u00e9velopper les ressources humaines\u2026","rel":"","context":"\u062a\u062f\u0648\u064a\u0646\u0629 \u0645\u0634\u0627\u0628\u0647\u0629","block_context":{"text":"\u062a\u062f\u0648\u064a\u0646\u0629 \u0645\u0634\u0627\u0628\u0647\u0629","link":""},"img":{"alt_text":"","src":"","width":0,"height":0},"classes":[]},{"id":4611,"url":"http:\/\/www.svu.edu.eg\/faculties\/agr\/fr\/centre-de-recherche-et-dexperimentation-agricoles\/objectifs-de-lunite\/","url_meta":{"origin":2665,"position":5},"title":"Objectifs de l\u2019Unit\u00e9","author":"omar","date":"\u0641\u0628\u0631\u0627\u064a\u0631 4, 2022","format":false,"excerpt":"Reconstruction de terres d\u00e9sertiques \u00e0 l\u2019Universit\u00e9 du Sud de la Vall\u00e9e avec des arbres, des r\u00e9coltes agricoles, les plantes et les animaux. Coop\u00e9ration avec des exp\u00e9riences scientifiques sp\u00e9cialis\u00e9es dans: - Extension de l\u2019espace vert dans les vastes zones d\u00e9sertiques appartenant \u00e0 l\u2019Universit\u00e9. - entreprendre des projets industriels compl\u00e9mentaires \u00e0 la\u2026","rel":"","context":"\u062a\u062f\u0648\u064a\u0646\u0629 \u0645\u0634\u0627\u0628\u0647\u0629","block_context":{"text":"\u062a\u062f\u0648\u064a\u0646\u0629 \u0645\u0634\u0627\u0628\u0647\u0629","link":""},"img":{"alt_text":"","src":"","width":0,"height":0},"classes":[]}],"_links":{"self":[{"href":"http:\/\/www.svu.edu.eg\/faculties\/agr\/wp-json\/wp\/v2\/pages\/2665"}],"collection":[{"href":"http:\/\/www.svu.edu.eg\/faculties\/agr\/wp-json\/wp\/v2\/pages"}],"about":[{"href":"http:\/\/www.svu.edu.eg\/faculties\/agr\/wp-json\/wp\/v2\/types\/page"}],"author":[{"embeddable":true,"href":"http:\/\/www.svu.edu.eg\/faculties\/agr\/wp-json\/wp\/v2\/users\/2"}],"replies":[{"embeddable":true,"href":"http:\/\/www.svu.edu.eg\/faculties\/agr\/wp-json\/wp\/v2\/comments?post=2665"}],"version-history":[{"count":2,"href":"http:\/\/www.svu.edu.eg\/faculties\/agr\/wp-json\/wp\/v2\/pages\/2665\/revisions"}],"predecessor-version":[{"id":2757,"href":"http:\/\/www.svu.edu.eg\/faculties\/agr\/wp-json\/wp\/v2\/pages\/2665\/revisions\/2757"}],"wp:attachment":[{"href":"http:\/\/www.svu.edu.eg\/faculties\/agr\/wp-json\/wp\/v2\/media?parent=2665"}],"curies":[{"name":"wp","href":"https:\/\/api.w.org\/{rel}","templated":true}]}}